{"id":570,"date":"2022-01-05T00:57:15","date_gmt":"2022-01-05T00:57:15","guid":{"rendered":"https:\/\/elearning.bidtoart.eu\/home\/"},"modified":"2023-03-07T11:46:54","modified_gmt":"2023-03-07T11:46:54","slug":"home","status":"publish","type":"page","link":"https:\/\/elearning.bidtoart.eu\/sr\/","title":{"rendered":"Home"},"content":{"rendered":"<h1>\n<p style=\"text-align: center;\">\u00a0JA\u010cANJE DIGITALNIH VE\u0160TINA RADI PROMOVISANJA PREDUZETNI\u0160TVA KOD UMETNIKA I U SEKTORU KULTURNOG NASLE\u0110A<\/p>\n<\/h1>\n<p><img decoding=\"async\" src=\"\/wp-content\/uploads\/2022\/05\/intro-illustrationPNG.png\" alt=\"\"><\/p>\n<div>\n<p><em>* \u041c\u043e\u0440\u0430\u0442\u0435 \u0441\u0435 \u043f\u0440\u0438\u0458\u0430\u0432\u0438\u0442\u0438 \u0434\u0430 \u0431\u0438\u0441\u0442\u0435 \u043f\u0440\u0438\u0441\u0442\u0443\u043f\u0438\u043b\u0438 \u043c\u043e\u0434\u0443\u043b\u0438\u043c\u0430<br \/><\/em><\/p>\n<\/div>\n<p>\n    <a href=\"\/wp-content\/uploads\/2023\/03\/BIDTOART_IO2_korisnicko-uputstvo.pdf\">Preuzmite uputstva<\/a>\n<\/p>\n<ul>\n<li>\n<p>        <img decoding=\"async\" src=\"\/wp-content\/uploads\/2022\/01\/how-to-use-diff-kinds-of-media.png\" alt=\"How to create a Business Plan related to cultural promotion\"><\/p>\n<p><a href=\"\/wp-content\/uploads\/modules\/SRB\/module1\/content\/index.html\"><\/a><\/p>\n<\/li>\n<li>\n<p>        <img decoding=\"async\" src=\"\/wp-content\/uploads\/2022\/01\/techniques-of-digital-editing.png\" alt=\"\"><\/p>\n<p><a href=\"\/wp-content\/uploads\/modules\/SRB\/module2\/content\/index.html\"><\/a><\/p>\n<\/li>\n<li>\n<p>        <img decoding=\"async\" src=\"\/wp-content\/uploads\/2022\/01\/how-to-create-business-plan.png\" alt=\"\"><\/p>\n<p><a href=\"\/wp-content\/uploads\/modules\/SRB\/module3\/content\/index.html\"><\/a><\/p>\n<\/li>\n<\/ul>\n<p><!--more--><br \/>\n<!-- {\"type\":\"layout\",\"children\":[{\"type\":\"section\",\"props\":{\"style\":\"default\",\"width\":\"default\",\"vertical_align\":\"middle\",\"title_position\":\"top-left\",\"title_rotation\":\"left\",\"title_breakpoint\":\"xl\",\"image_position\":\"center-center\",\"animation\":\"fade\",\"overlap\":false,\"height\":\"expand\",\"padding_remove_bottom\":true},\"children\":[{\"type\":\"row\",\"children\":[{\"type\":\"column\",\"props\":{\"position_sticky_breakpoint\":\"m\",\"image_position\":\"center-center\",\"media_overlay_gradient\":\"\"},\"children\":[{\"type\":\"headline\",\"props\":{\"title_element\":\"h1\",\"content\":\"\n\n<p style=\\\"text-align: center;\\\">\\u00a0JA\\u010cANJE DIGITALNIH VE\\u0160TINA RADI PROMOVISANJA PREDUZETNI\\u0160TVA KOD UMETNIKA I U SEKTORU KULTURNOG NASLE\\u0110A<\\\/p>\",\"title_font_family\":\"secondary\",\"css\":\".el-element{\\n    color: #1fb2b2;\\n    font-weight: bold;\\n}\",\"title_style\":\"h1\"}},{\"type\":\"image\",\"props\":{\"margin\":\"default\",\"image_svg_color\":\"emphasis\",\"image\":\"wp-content\\\/uploads\\\/2022\\\/05\\\/intro-illustrationPNG.png\"}},{\"type\":\"text\",\"props\":{\"margin\":\"default\",\"column_breakpoint\":\"m\",\"content\":\"\n\n<p><em>* \\u041c\\u043e\\u0440\\u0430\\u0442\\u0435 \\u0441\\u0435 \\u043f\\u0440\\u0438\\u0458\\u0430\\u0432\\u0438\\u0442\\u0438 \\u0434\\u0430 \\u0431\\u0438\\u0441\\u0442\\u0435 \\u043f\\u0440\\u0438\\u0441\\u0442\\u0443\\u043f\\u0438\\u043b\\u0438 \\u043c\\u043e\\u0434\\u0443\\u043b\\u0438\\u043c\\u0430<br \\\/><\\\/em><\\\/p>\",\"margin_remove_bottom\":true,\"class\":\"need-login\"}},{\"type\":\"button\",\"props\":{\"grid_column_gap\":\"small\",\"grid_row_gap\":\"small\",\"margin\":\"default\"},\"children\":[{\"type\":\"button_item\",\"props\":{\"button_style\":\"primary\",\"icon_align\":\"left\",\"content\":\"Preuzmite uputstva\",\"link\":\"wp-content\\\/uploads\\\/2023\\\/03\\\/BIDTOART_IO2_korisnicko-uputstvo.pdf\",\"link_target\":\"blank\"}}]}]}]},{\"type\":\"row\",\"props\":{\"class\":\"home-courses-row\",\"column_gap\":\"collapse\",\"status\":\"\",\"margin_remove_top\":true},\"children\":[{\"type\":\"column\",\"props\":{\"position_sticky_breakpoint\":\"m\",\"image_position\":\"center-center\",\"media_overlay_gradient\":\"\",\"width_medium\":\"\"},\"children\":[{\"type\":\"grid\",\"props\":{\"show_title\":true,\"show_meta\":true,\"show_content\":true,\"show_image\":true,\"show_link\":true,\"grid_default\":\"1\",\"grid_medium\":\"3\",\"filter_style\":\"tab\",\"filter_all\":true,\"filter_position\":\"top\",\"filter_align\":\"left\",\"filter_grid_width\":\"auto\",\"filter_grid_breakpoint\":\"m\",\"title_hover_style\":\"reset\",\"title_element\":\"h3\",\"title_align\":\"top\",\"title_grid_width\":\"1-2\",\"title_grid_breakpoint\":\"m\",\"meta_style\":\"meta\",\"meta_align\":\"below-title\",\"meta_element\":\"div\",\"content_column_breakpoint\":\"m\",\"icon_width\":80,\"image_align\":\"top\",\"image_grid_width\":\"1-2\",\"image_grid_breakpoint\":\"m\",\"image_svg_color\":\"emphasis\",\"link_text\":\"\",\"link_style\":\"default\",\"margin\":\"default\",\"item_animation\":true,\"title_style\":\"h3\",\"title_link\":true,\"panel_link\":false,\"class\":\"home-course-title\",\"image_link\":true,\"link_target\":true},\"children\":[{\"type\":\"grid_item\",\"props\":{\"image\":\"wp-content\\\/uploads\\\/2022\\\/01\\\/how-to-use-diff-kinds-of-media.png\",\"link\":\"\\\/wp-content\\\/uploads\\\/modules\\\/SRB\\\/module1\\\/content\\\/index.html\",\"image_alt\":\"How to create a Business Plan related to cultural promotion\"},\"source\":{\"query\":{\"name\":\"sfwdTopics.customSfwdTopic\",\"arguments\":{\"terms\":[],\"ld_topic_category_operator\":\"IN\",\"ld_topic_tag_operator\":\"IN\",\"users\":[],\"users_operator\":\"IN\",\"offset\":0,\"order\":\"date\",\"order_direction\":\"DESC\",\"id\":585}},\"props\":{\"title\":{\"filters\":{\"search\":\"\"},\"name\":\"title\"}}}},{\"type\":\"grid_item\",\"props\":{\"image\":\"wp-content\\\/uploads\\\/2022\\\/01\\\/techniques-of-digital-editing.png\",\"link\":\"\\\/wp-content\\\/uploads\\\/modules\\\/SRB\\\/module2\\\/content\\\/index.html\"},\"source\":{\"query\":{\"name\":\"sfwdTopics.customSfwdTopic\",\"arguments\":{\"terms\":[],\"ld_topic_category_operator\":\"IN\",\"ld_topic_tag_operator\":\"IN\",\"users\":[],\"users_operator\":\"IN\",\"offset\":0,\"order\":\"date\",\"order_direction\":\"DESC\",\"id\":580}},\"props\":{\"title\":{\"filters\":{\"search\":\"\"},\"name\":\"title\"}}}},{\"type\":\"grid_item\",\"props\":{\"image\":\"wp-content\\\/uploads\\\/2022\\\/01\\\/how-to-create-business-plan.png\",\"link\":\"\\\/wp-content\\\/uploads\\\/modules\\\/SRB\\\/module3\\\/content\\\/index.html\"},\"source\":{\"query\":{\"name\":\"sfwdTopics.customSfwdTopic\",\"arguments\":{\"terms\":[],\"ld_topic_category_operator\":\"IN\",\"ld_topic_tag_operator\":\"IN\",\"users\":[],\"users_operator\":\"IN\",\"offset\":0,\"order\":\"date\",\"order_direction\":\"DESC\",\"id\":575}},\"props\":{\"title\":{\"filters\":{\"search\":\"\"},\"name\":\"title\"}}}}]}]}]}]}],\"version\":\"2.7.22\"} --><\/p>\n","protected":false},"excerpt":{"rendered":"<p>\u00a0JA\u010cANJE DIGITALNIH VE\u0160TINA RADI PROMOVISANJA PREDUZETNI\u0160TVA KOD UMETNIKA I U SEKTORU KULTURNOG NASLE\u0110A * \u041c\u043e\u0440\u0430\u0442\u0435 \u0441\u0435 \u043f\u0440\u0438\u0458\u0430\u0432\u0438\u0442\u0438 \u0434\u0430 \u0431\u0438\u0441\u0442\u0435 \u043f\u0440\u0438\u0441\u0442\u0443\u043f\u0438\u043b\u0438 \u043c\u043e\u0434\u0443\u043b\u0438\u043c\u0430 Preuzmite uputstva<\/p>\n","protected":false},"author":1,"featured_media":0,"parent":0,"menu_order":0,"comment_status":"closed","ping_status":"closed","template":"","meta":{"_acf_changed":false,"inline_featured_image":false,"footnotes":""},"class_list":["post-570","page","type-page","status-publish","hentry"],"acf":[],"_links":{"self":[{"href":"https:\/\/elearning.bidtoart.eu\/sr\/wp-json\/wp\/v2\/pages\/570","targetHints":{"allow":["GET"]}}],"collection":[{"href":"https:\/\/elearning.bidtoart.eu\/sr\/wp-json\/wp\/v2\/pages"}],"about":[{"href":"https:\/\/elearning.bidtoart.eu\/sr\/wp-json\/wp\/v2\/types\/page"}],"author":[{"embeddable":true,"href":"https:\/\/elearning.bidtoart.eu\/sr\/wp-json\/wp\/v2\/users\/1"}],"replies":[{"embeddable":true,"href":"https:\/\/elearning.bidtoart.eu\/sr\/wp-json\/wp\/v2\/comments?post=570"}],"version-history":[{"count":2,"href":"https:\/\/elearning.bidtoart.eu\/sr\/wp-json\/wp\/v2\/pages\/570\/revisions"}],"predecessor-version":[{"id":709,"href":"https:\/\/elearning.bidtoart.eu\/sr\/wp-json\/wp\/v2\/pages\/570\/revisions\/709"}],"wp:attachment":[{"href":"https:\/\/elearning.bidtoart.eu\/sr\/wp-json\/wp\/v2\/media?parent=570"}],"curies":[{"name":"wp","href":"https:\/\/api.w.org\/{rel}","templated":true}]}}